{"id":62,"date":"2022-06-16T14:42:23","date_gmt":"2022-06-16T19:42:23","guid":{"rendered":"https:\/\/delacerdateam.com\/?page_id=62"},"modified":"2022-08-22T12:12:11","modified_gmt":"2022-08-22T17:12:11","slug":"alex-de-la-cerda","status":"publish","type":"page","link":"https:\/\/delacerdateam.com\/es\/alex-de-la-cerda\/","title":{"rendered":"Alex de la Cerda"},"content":{"rendered":"<section class=\"l-section wpb_row height_medium\"><div class=\"l-section-h i-cf\"><div class=\"g-cols vc_row via_flex valign_top type_default stacking_default\"><div class=\"vc_col-sm-12 wpb_column vc_column_container\"><div class=\"vc_column-inner\"><div class=\"wpb_wrapper\"><div class=\"g-cols wpb_row via_flex valign_top type_default stacking_default\"><div class=\"vc_col-sm-6 wpb_column vc_column_container\"><div class=\"vc_column-inner\"><div class=\"wpb_wrapper\"><div class=\"wpb_text_column\"><div class=\"wpb_wrapper\"><h3>\u00bfQui\u00e9n es Alex de la Cerda?<\/h3>\n<p><span style=\"font-weight: 400;\">Alex de la Cerda, fundador de De la Cerda Team desde 2004, es el oficial de pr\u00e9stamos y gerente de las tres sucursales de DLC Team en Chicago, Elgin y Waukegan-Illinois. Lleva m\u00e1s de 15 a\u00f1os trabajando apasionadamente en este negocio, ha tenido la suerte de colaborar con grandes profesionales y en especial con sus mentores, que han marcado una etapa importante en su crecimiento profesional a lo largo de los a\u00f1os. Para Alex, lo m\u00e1s importante de este negocio es ayudar y guiar a miles de familias a lograr su sue\u00f1o de una casa. Alex se caracteriza por su carisma y calidez al tratar con las personas y hacerlas sentir como un amigo o familiar. Su transparencia es lo que lo ha hecho escalar al \u00e9xito, por eso toma tanta importancia en su equipo de trabajo que cumple con valores, misiones, visiones y sobre todo las ganas de seguir sus pasos y ser mejores.<\/span><\/p>\n<\/div><\/div><div class=\"w-separator size_medium\"><\/div><div class=\"wpb_text_column us_custom_6be053d3\"><div class=\"wpb_wrapper\"><p>Alex de la Cerda NMLS# 230824<\/p>\n<p>S\u00edguelo en:<\/p>\n<\/div><\/div><div class=\"w-separator size_small\"><\/div><div class=\"w-socials us_custom_a6ceb248 color_brand shape_rounded style_default hover_fade\"><div class=\"w-socials-list\"><div class=\"w-socials-item facebook\"><a target=\"_blank\" rel=\"nofollow\" href=\"https:\/\/www.facebook.com\/delacerdateam\" class=\"w-socials-item-link\" title=\"Facebook\" aria-label=\"Facebook\"><span class=\"w-socials-item-link-hover\"><\/span><i class=\"fab fa-facebook\"><\/i><\/a><div class=\"w-socials-item-popup\"><span>Facebook<\/span><\/div><\/div><div class=\"w-socials-item instagram\"><a target=\"_blank\" rel=\"nofollow\" href=\"https:\/\/www.instagram.com\/de_la_cerda_team\/?hl=es\" class=\"w-socials-item-link\" title=\"Instagram\" aria-label=\"Instagram\"><span class=\"w-socials-item-link-hover\"><\/span><i class=\"fab fa-instagram\"><\/i><\/a><div class=\"w-socials-item-popup\"><span>Instagram<\/span><\/div><\/div><\/div><\/div><\/div><\/div><\/div><div class=\"vc_col-sm-6 wpb_column vc_column_container\"><div class=\"vc_column-inner\"><div class=\"wpb_wrapper\"><div class=\"w-image align_none\"><div url class=\"w-image-h\"><img width=\"1024\" height=\"1024\" src=\"https:\/\/delacerdateam.com\/wp-content\/uploads\/2022\/06\/alex-de-la-cerda-team-1024x1024.jpg\" class=\"attachment-large size-large\" alt=\"\" decoding=\"async\" loading=\"lazy\" srcset=\"https:\/\/delacerdateam.com\/wp-content\/uploads\/2022\/06\/alex-de-la-cerda-team-1024x1024.jpg 1024w, https:\/\/delacerdateam.com\/wp-content\/uploads\/2022\/06\/alex-de-la-cerda-team-300x300.jpg 300w, https:\/\/delacerdateam.com\/wp-content\/uploads\/2022\/06\/alex-de-la-cerda-team-150x150.jpg 150w, https:\/\/delacerdateam.com\/wp-content\/uploads\/2022\/06\/alex-de-la-cerda-team-scaled.jpg 1080w\" sizes=\"(max-width: 1024px) 100vw, 1024px\" \/><\/div><\/div><\/div><\/div><\/div><\/div><\/div><\/div><\/div><\/div><\/div><\/section>","protected":false},"excerpt":{"rendered":"Who is Alex de la Cerda? Alex de la Cerda, founder of the DLC team since 2004, is the loan officer and manager of the three DLC branches in Chicago, Elgin and Waukegan-Illinois. He has been passionate about this business for more than 15 years, with the luck of collaborating with great professionals and especially...","protected":false},"author":1,"featured_media":131,"parent":0,"menu_order":0,"comment_status":"closed","ping_status":"closed","template":"","meta":{"footnotes":""},"yoast_head":"<!-- This site is optimized with the Yoast SEO plugin v22.7 - https:\/\/yoast.com\/wordpress\/plugins\/seo\/ -->\n<title>Alex de la Cerda - Home Loans and Refinance Mortgages | De la Cerda Team | Illinois, US<\/title>\n<meta name=\"robots\" content=\"index, follow, max-snippet:-1, max-image-preview:large, max-video-preview:-1\" \/>\n<link rel=\"canonical\" href=\"https:\/\/delacerdateam.com\/es\/alex-de-la-cerda\/\" \/>\n<meta property=\"og:locale\" content=\"es_MX\" \/>\n<meta property=\"og:type\" content=\"article\" \/>\n<meta property=\"og:title\" content=\"Alex de la Cerda - Home Loans and Refinance Mortgages | De la Cerda Team | Illinois, US\" \/>\n<meta property=\"og:url\" content=\"https:\/\/delacerdateam.com\/es\/alex-de-la-cerda\/\" \/>\n<meta property=\"og:site_name\" content=\"Home Loans and Refinance Mortgages | De la Cerda Team | Illinois, US\" \/>\n<meta property=\"article:publisher\" content=\"https:\/\/www.facebook.com\/compracondlcteam\" \/>\n<meta property=\"article:modified_time\" content=\"2022-08-22T17:12:11+00:00\" \/>\n<meta property=\"og:image\" content=\"https:\/\/delacerdateam.com\/wp-content\/uploads\/2022\/06\/alex-de-la-cerda-team-scaled.jpg\" \/>\n\t<meta property=\"og:image:width\" content=\"1080\" \/>\n\t<meta property=\"og:image:height\" content=\"1080\" \/>\n\t<meta property=\"og:image:type\" content=\"image\/jpeg\" \/>\n<meta name=\"twitter:card\" content=\"summary_large_image\" \/>\n<meta name=\"twitter:label1\" content=\"Tiempo de lectura\" \/>\n\t<meta name=\"twitter:data1\" content=\"1 minuto\" \/>\n<script type=\"application\/ld+json\" class=\"yoast-schema-graph\">{\"@context\":\"https:\/\/schema.org\",\"@graph\":[{\"@type\":\"WebPage\",\"@id\":\"https:\/\/delacerdateam.com\/alex-de-la-cerda\/\",\"url\":\"https:\/\/delacerdateam.com\/alex-de-la-cerda\/\",\"name\":\"Alex de la Cerda - Home Loans and Refinance Mortgages | De la Cerda Team | Illinois, US\",\"isPartOf\":{\"@id\":\"https:\/\/delacerdateam.com\/#website\"},\"primaryImageOfPage\":{\"@id\":\"https:\/\/delacerdateam.com\/alex-de-la-cerda\/#primaryimage\"},\"image\":{\"@id\":\"https:\/\/delacerdateam.com\/alex-de-la-cerda\/#primaryimage\"},\"thumbnailUrl\":\"https:\/\/delacerdateam.com\/wp-content\/uploads\/2022\/06\/alex-de-la-cerda-team-scaled.jpg\",\"datePublished\":\"2022-06-16T19:42:23+00:00\",\"dateModified\":\"2022-08-22T17:12:11+00:00\",\"breadcrumb\":{\"@id\":\"https:\/\/delacerdateam.com\/alex-de-la-cerda\/#breadcrumb\"},\"inLanguage\":\"es-MX\",\"potentialAction\":[{\"@type\":\"ReadAction\",\"target\":[\"https:\/\/delacerdateam.com\/alex-de-la-cerda\/\"]}]},{\"@type\":\"ImageObject\",\"inLanguage\":\"es-MX\",\"@id\":\"https:\/\/delacerdateam.com\/alex-de-la-cerda\/#primaryimage\",\"url\":\"https:\/\/delacerdateam.com\/wp-content\/uploads\/2022\/06\/alex-de-la-cerda-team-scaled.jpg\",\"contentUrl\":\"https:\/\/delacerdateam.com\/wp-content\/uploads\/2022\/06\/alex-de-la-cerda-team-scaled.jpg\",\"width\":1080,\"height\":1080},{\"@type\":\"BreadcrumbList\",\"@id\":\"https:\/\/delacerdateam.com\/alex-de-la-cerda\/#breadcrumb\",\"itemListElement\":[{\"@type\":\"ListItem\",\"position\":1,\"name\":\"Portada\",\"item\":\"https:\/\/delacerdateam.com\/\"},{\"@type\":\"ListItem\",\"position\":2,\"name\":\"Alex de la Cerda\"}]},{\"@type\":\"WebSite\",\"@id\":\"https:\/\/delacerdateam.com\/#website\",\"url\":\"https:\/\/delacerdateam.com\/\",\"name\":\"Home Loans and Refinance Mortgages | De la Cerda Team | Illinois, US\",\"description\":\"Buy your house. New home Loan or Refinance existing mortgage. We offer many lending options with great rates and exeptional service.\",\"potentialAction\":[{\"@type\":\"SearchAction\",\"target\":{\"@type\":\"EntryPoint\",\"urlTemplate\":\"https:\/\/delacerdateam.com\/?s={search_term_string}\"},\"query-input\":\"required name=search_term_string\"}],\"inLanguage\":\"es-MX\"}]}<\/script>\n<!-- \/ Yoast SEO plugin. -->","yoast_head_json":{"title":"Alex de la Cerda - Home Loans and Refinance Mortgages | De la Cerda Team | Illinois, US","robots":{"index":"index","follow":"follow","max-snippet":"max-snippet:-1","max-image-preview":"max-image-preview:large","max-video-preview":"max-video-preview:-1"},"canonical":"https:\/\/delacerdateam.com\/es\/alex-de-la-cerda\/","og_locale":"es_MX","og_type":"article","og_title":"Alex de la Cerda - Home Loans and Refinance Mortgages | De la Cerda Team | Illinois, US","og_url":"https:\/\/delacerdateam.com\/es\/alex-de-la-cerda\/","og_site_name":"Home Loans and Refinance Mortgages | De la Cerda Team | Illinois, US","article_publisher":"https:\/\/www.facebook.com\/compracondlcteam","article_modified_time":"2022-08-22T17:12:11+00:00","og_image":[{"width":1080,"height":1080,"url":"https:\/\/delacerdateam.com\/wp-content\/uploads\/2022\/06\/alex-de-la-cerda-team-scaled.jpg","type":"image\/jpeg"}],"twitter_card":"summary_large_image","twitter_misc":{"Tiempo de lectura":"1 minuto"},"schema":{"@context":"https:\/\/schema.org","@graph":[{"@type":"WebPage","@id":"https:\/\/delacerdateam.com\/alex-de-la-cerda\/","url":"https:\/\/delacerdateam.com\/alex-de-la-cerda\/","name":"Alex de la Cerda - Home Loans and Refinance Mortgages | De la Cerda Team | Illinois, US","isPartOf":{"@id":"https:\/\/delacerdateam.com\/#website"},"primaryImageOfPage":{"@id":"https:\/\/delacerdateam.com\/alex-de-la-cerda\/#primaryimage"},"image":{"@id":"https:\/\/delacerdateam.com\/alex-de-la-cerda\/#primaryimage"},"thumbnailUrl":"https:\/\/delacerdateam.com\/wp-content\/uploads\/2022\/06\/alex-de-la-cerda-team-scaled.jpg","datePublished":"2022-06-16T19:42:23+00:00","dateModified":"2022-08-22T17:12:11+00:00","breadcrumb":{"@id":"https:\/\/delacerdateam.com\/alex-de-la-cerda\/#breadcrumb"},"inLanguage":"es-MX","potentialAction":[{"@type":"ReadAction","target":["https:\/\/delacerdateam.com\/alex-de-la-cerda\/"]}]},{"@type":"ImageObject","inLanguage":"es-MX","@id":"https:\/\/delacerdateam.com\/alex-de-la-cerda\/#primaryimage","url":"https:\/\/delacerdateam.com\/wp-content\/uploads\/2022\/06\/alex-de-la-cerda-team-scaled.jpg","contentUrl":"https:\/\/delacerdateam.com\/wp-content\/uploads\/2022\/06\/alex-de-la-cerda-team-scaled.jpg","width":1080,"height":1080},{"@type":"BreadcrumbList","@id":"https:\/\/delacerdateam.com\/alex-de-la-cerda\/#breadcrumb","itemListElement":[{"@type":"ListItem","position":1,"name":"Portada","item":"https:\/\/delacerdateam.com\/"},{"@type":"ListItem","position":2,"name":"Alex de la Cerda"}]},{"@type":"WebSite","@id":"https:\/\/delacerdateam.com\/#website","url":"https:\/\/delacerdateam.com\/","name":"Home Loans and Refinance Mortgages | De la Cerda Team | Illinois, US","description":"Buy your house. New home Loan or Refinance existing mortgage. We offer many lending options with great rates and exeptional service.","potentialAction":[{"@type":"SearchAction","target":{"@type":"EntryPoint","urlTemplate":"https:\/\/delacerdateam.com\/?s={search_term_string}"},"query-input":"required name=search_term_string"}],"inLanguage":"es-MX"}]}},"_links":{"self":[{"href":"https:\/\/delacerdateam.com\/es\/wp-json\/wp\/v2\/pages\/62"}],"collection":[{"href":"https:\/\/delacerdateam.com\/es\/wp-json\/wp\/v2\/pages"}],"about":[{"href":"https:\/\/delacerdateam.com\/es\/wp-json\/wp\/v2\/types\/page"}],"author":[{"embeddable":true,"href":"https:\/\/delacerdateam.com\/es\/wp-json\/wp\/v2\/users\/1"}],"replies":[{"embeddable":true,"href":"https:\/\/delacerdateam.com\/es\/wp-json\/wp\/v2\/comments?post=62"}],"version-history":[{"count":10,"href":"https:\/\/delacerdateam.com\/es\/wp-json\/wp\/v2\/pages\/62\/revisions"}],"predecessor-version":[{"id":203,"href":"https:\/\/delacerdateam.com\/es\/wp-json\/wp\/v2\/pages\/62\/revisions\/203"}],"wp:featuredmedia":[{"embeddable":true,"href":"https:\/\/delacerdateam.com\/es\/wp-json\/wp\/v2\/media\/131"}],"wp:attachment":[{"href":"https:\/\/delacerdateam.com\/es\/wp-json\/wp\/v2\/media?parent=62"}],"curies":[{"name":"wp","href":"https:\/\/api.w.org\/{rel}","templated":true}]}}