{"id":74,"date":"2022-06-20T12:47:42","date_gmt":"2022-06-20T17:47:42","guid":{"rendered":"https:\/\/delacerdateam.com\/?page_id=74"},"modified":"2022-07-05T13:44:36","modified_gmt":"2022-07-05T18:44:36","slug":"about-us-de-la-cerda-team","status":"publish","type":"page","link":"https:\/\/delacerdateam.com\/es\/about-us-de-la-cerda-team\/","title":{"rendered":"Nosotros"},"content":{"rendered":"<section class=\"l-section wpb_row height_medium\"><div class=\"l-section-h i-cf\"><div class=\"g-cols vc_row via_flex valign_top type_default stacking_default\"><div class=\"vc_col-sm-12 wpb_column vc_column_container\"><div class=\"vc_column-inner\"><div class=\"wpb_wrapper\"><div class=\"g-cols wpb_row via_flex valign_top type_default stacking_default\"><div class=\"vc_col-sm-6 wpb_column vc_column_container\"><div class=\"vc_column-inner\"><div class=\"wpb_wrapper\"><div class=\"wpb_text_column\"><div class=\"wpb_wrapper\"><h3><span style=\"font-weight: 400;\">Nosotros<\/span><\/h3>\n<p><span style=\"font-weight: 400;\">El equipo de De La Cerda se compromete a brindar a los clientes servicios financieros de la m\u00e1s alta calidad combinados con las tasas m\u00e1s bajas disponibles en su \u00e1rea. Los destacados profesionales hipotecarios aqu\u00ed trabajar\u00e1n con usted uno a uno para garantizar que obtenga una soluci\u00f3n financiera que se adapte espec\u00edficamente a sus necesidades financieras. Ya sea que est\u00e9 comprando la casa de sus sue\u00f1os, refinanciando un pr\u00e9stamo pendiente o consolidando una deuda, el equipo altamente experimentado de oficiales de pr\u00e9stamos puede ayudarlo a encontrar el programa de pr\u00e9stamo adecuado a la tasa m\u00e1s baja sin importar cu\u00e1les sean sus necesidades.<\/span><\/p>\n<p><span style=\"font-weight: 400;\">El objetivo aqu\u00ed en De La Cerda Team es crear relaciones duraderas con todos y cada uno de los clientes y continuar brindando un excelente servicio durante muchos a\u00f1os. A diferencia de muchas de las compa\u00f1\u00edas hipotecarias nacionales m\u00e1s grandes que existen, toda su informaci\u00f3n se mantendr\u00e1 segura y privada. El nombre del equipo De La Cerda es de confianza en toda la comunidad. Para hablar directamente con un profesional hipotecario con experiencia, simplemente llame en cualquier momento o si\u00e9ntase libre de utilizar cualquiera de las herramientas interactivas que se ofrecen en todo el sitio. Los profesionales experimentados aqu\u00ed esperan trabajar con usted.<\/span><\/p>\n<\/div><\/div><div class=\"w-separator size_medium\"><\/div><div class=\"w-btn-wrapper align_none\"><a class=\"w-btn us-btn-style_1\" href=\"#contact\"><span class=\"w-btn-label\">Cont\u00e1ctanos<\/span><\/a><\/div><\/div><\/div><\/div><div class=\"vc_col-sm-6 wpb_column vc_column_container\"><div class=\"vc_column-inner\"><div class=\"wpb_wrapper\"><div class=\"w-image align_none\"><div url class=\"w-image-h\"><img width=\"768\" height=\"1024\" src=\"https:\/\/delacerdateam.com\/wp-content\/uploads\/2022\/07\/meet-the-team-dlc-team-768x1024.jpg\" class=\"attachment-large size-large\" alt=\"\" decoding=\"async\" loading=\"lazy\" srcset=\"https:\/\/delacerdateam.com\/wp-content\/uploads\/2022\/07\/meet-the-team-dlc-team-768x1024.jpg 768w, https:\/\/delacerdateam.com\/wp-content\/uploads\/2022\/07\/meet-the-team-dlc-team-225x300.jpg 225w, https:\/\/delacerdateam.com\/wp-content\/uploads\/2022\/07\/meet-the-team-dlc-team-scaled.jpg 810w\" sizes=\"(max-width: 768px) 100vw, 768px\" \/><\/div><\/div><\/div><\/div><\/div><\/div><\/div><\/div><\/div><\/div><\/div><\/section>","protected":false},"excerpt":{"rendered":"About Us The De La Cerda Team is committed to providing clients with the highest quality financial services combined with the lowest rates available in your area. The outstanding mortgage professionals here will work with you one on one to ensure that you get a financial solution that is tailored specifically to meet your financing...","protected":false},"author":1,"featured_media":0,"parent":0,"menu_order":0,"comment_status":"closed","ping_status":"closed","template":"","meta":{"footnotes":""},"yoast_head":"<!-- This site is optimized with the Yoast SEO plugin v22.7 - https:\/\/yoast.com\/wordpress\/plugins\/seo\/ -->\n<title>About Us | De La Cerda Team | Home Loans And Refinance Mortgage<\/title>\n<meta name=\"description\" content=\"About De la Cerda Team: We are a group of honest people dedicated to giving you the best service so you can buy your own home.\" \/>\n<meta name=\"robots\" content=\"index, follow, max-snippet:-1, max-image-preview:large, max-video-preview:-1\" \/>\n<link rel=\"canonical\" href=\"https:\/\/delacerdateam.com\/es\/about-us-de-la-cerda-team\/\" \/>\n<meta property=\"og:locale\" content=\"es_MX\" \/>\n<meta property=\"og:type\" content=\"article\" \/>\n<meta property=\"og:title\" content=\"About Us | De La Cerda Team | Home Loans And Refinance Mortgage\" \/>\n<meta property=\"og:description\" content=\"About De la Cerda Team: We are a group of honest people dedicated to giving you the best service so you can buy your own home.\" \/>\n<meta property=\"og:url\" content=\"https:\/\/delacerdateam.com\/es\/about-us-de-la-cerda-team\/\" \/>\n<meta property=\"og:site_name\" content=\"Home Loans and Refinance Mortgages | De la Cerda Team | Illinois, US\" \/>\n<meta property=\"article:publisher\" content=\"https:\/\/www.facebook.com\/compracondlcteam\" \/>\n<meta property=\"article:modified_time\" content=\"2022-07-05T18:44:36+00:00\" \/>\n<meta name=\"twitter:card\" content=\"summary_large_image\" \/>\n<meta name=\"twitter:label1\" content=\"Tiempo de lectura\" \/>\n\t<meta name=\"twitter:data1\" content=\"1 minuto\" \/>\n<script type=\"application\/ld+json\" class=\"yoast-schema-graph\">{\"@context\":\"https:\/\/schema.org\",\"@graph\":[{\"@type\":\"WebPage\",\"@id\":\"https:\/\/delacerdateam.com\/about-us-de-la-cerda-team\/\",\"url\":\"https:\/\/delacerdateam.com\/about-us-de-la-cerda-team\/\",\"name\":\"About Us | De La Cerda Team | Home Loans And Refinance Mortgage\",\"isPartOf\":{\"@id\":\"https:\/\/delacerdateam.com\/#website\"},\"datePublished\":\"2022-06-20T17:47:42+00:00\",\"dateModified\":\"2022-07-05T18:44:36+00:00\",\"description\":\"About De la Cerda Team: We are a group of honest people dedicated to giving you the best service so you can buy your own home.\",\"breadcrumb\":{\"@id\":\"https:\/\/delacerdateam.com\/about-us-de-la-cerda-team\/#breadcrumb\"},\"inLanguage\":\"es-MX\",\"potentialAction\":[{\"@type\":\"ReadAction\",\"target\":[\"https:\/\/delacerdateam.com\/about-us-de-la-cerda-team\/\"]}]},{\"@type\":\"BreadcrumbList\",\"@id\":\"https:\/\/delacerdateam.com\/about-us-de-la-cerda-team\/#breadcrumb\",\"itemListElement\":[{\"@type\":\"ListItem\",\"position\":1,\"name\":\"Portada\",\"item\":\"https:\/\/delacerdateam.com\/\"},{\"@type\":\"ListItem\",\"position\":2,\"name\":\"About Us\"}]},{\"@type\":\"WebSite\",\"@id\":\"https:\/\/delacerdateam.com\/#website\",\"url\":\"https:\/\/delacerdateam.com\/\",\"name\":\"Home Loans and Refinance Mortgages | De la Cerda Team | Illinois, US\",\"description\":\"Buy your house. New home Loan or Refinance existing mortgage. We offer many lending options with great rates and exeptional service.\",\"potentialAction\":[{\"@type\":\"SearchAction\",\"target\":{\"@type\":\"EntryPoint\",\"urlTemplate\":\"https:\/\/delacerdateam.com\/?s={search_term_string}\"},\"query-input\":\"required name=search_term_string\"}],\"inLanguage\":\"es-MX\"}]}<\/script>\n<!-- \/ Yoast SEO plugin. -->","yoast_head_json":{"title":"About Us | De La Cerda Team | Home Loans And Refinance Mortgage","description":"About De la Cerda Team: We are a group of honest people dedicated to giving you the best service so you can buy your own home.","robots":{"index":"index","follow":"follow","max-snippet":"max-snippet:-1","max-image-preview":"max-image-preview:large","max-video-preview":"max-video-preview:-1"},"canonical":"https:\/\/delacerdateam.com\/es\/about-us-de-la-cerda-team\/","og_locale":"es_MX","og_type":"article","og_title":"About Us | De La Cerda Team | Home Loans And Refinance Mortgage","og_description":"About De la Cerda Team: We are a group of honest people dedicated to giving you the best service so you can buy your own home.","og_url":"https:\/\/delacerdateam.com\/es\/about-us-de-la-cerda-team\/","og_site_name":"Home Loans and Refinance Mortgages | De la Cerda Team | Illinois, US","article_publisher":"https:\/\/www.facebook.com\/compracondlcteam","article_modified_time":"2022-07-05T18:44:36+00:00","twitter_card":"summary_large_image","twitter_misc":{"Tiempo de lectura":"1 minuto"},"schema":{"@context":"https:\/\/schema.org","@graph":[{"@type":"WebPage","@id":"https:\/\/delacerdateam.com\/about-us-de-la-cerda-team\/","url":"https:\/\/delacerdateam.com\/about-us-de-la-cerda-team\/","name":"About Us | De La Cerda Team | Home Loans And Refinance Mortgage","isPartOf":{"@id":"https:\/\/delacerdateam.com\/#website"},"datePublished":"2022-06-20T17:47:42+00:00","dateModified":"2022-07-05T18:44:36+00:00","description":"About De la Cerda Team: We are a group of honest people dedicated to giving you the best service so you can buy your own home.","breadcrumb":{"@id":"https:\/\/delacerdateam.com\/about-us-de-la-cerda-team\/#breadcrumb"},"inLanguage":"es-MX","potentialAction":[{"@type":"ReadAction","target":["https:\/\/delacerdateam.com\/about-us-de-la-cerda-team\/"]}]},{"@type":"BreadcrumbList","@id":"https:\/\/delacerdateam.com\/about-us-de-la-cerda-team\/#breadcrumb","itemListElement":[{"@type":"ListItem","position":1,"name":"Portada","item":"https:\/\/delacerdateam.com\/"},{"@type":"ListItem","position":2,"name":"About Us"}]},{"@type":"WebSite","@id":"https:\/\/delacerdateam.com\/#website","url":"https:\/\/delacerdateam.com\/","name":"Home Loans and Refinance Mortgages | De la Cerda Team | Illinois, US","description":"Buy your house. New home Loan or Refinance existing mortgage. We offer many lending options with great rates and exeptional service.","potentialAction":[{"@type":"SearchAction","target":{"@type":"EntryPoint","urlTemplate":"https:\/\/delacerdateam.com\/?s={search_term_string}"},"query-input":"required name=search_term_string"}],"inLanguage":"es-MX"}]}},"_links":{"self":[{"href":"https:\/\/delacerdateam.com\/es\/wp-json\/wp\/v2\/pages\/74"}],"collection":[{"href":"https:\/\/delacerdateam.com\/es\/wp-json\/wp\/v2\/pages"}],"about":[{"href":"https:\/\/delacerdateam.com\/es\/wp-json\/wp\/v2\/types\/page"}],"author":[{"embeddable":true,"href":"https:\/\/delacerdateam.com\/es\/wp-json\/wp\/v2\/users\/1"}],"replies":[{"embeddable":true,"href":"https:\/\/delacerdateam.com\/es\/wp-json\/wp\/v2\/comments?post=74"}],"version-history":[{"count":5,"href":"https:\/\/delacerdateam.com\/es\/wp-json\/wp\/v2\/pages\/74\/revisions"}],"predecessor-version":[{"id":169,"href":"https:\/\/delacerdateam.com\/es\/wp-json\/wp\/v2\/pages\/74\/revisions\/169"}],"wp:attachment":[{"href":"https:\/\/delacerdateam.com\/es\/wp-json\/wp\/v2\/media?parent=74"}],"curies":[{"name":"wp","href":"https:\/\/api.w.org\/{rel}","templated":true}]}}