{"id":85,"date":"2022-06-20T13:30:51","date_gmt":"2022-06-20T18:30:51","guid":{"rendered":"https:\/\/delacerdateam.com\/?page_id=85"},"modified":"2022-07-05T13:37:27","modified_gmt":"2022-07-05T18:37:27","slug":"mortgage-calculator","status":"publish","type":"page","link":"https:\/\/delacerdateam.com\/es\/mortgage-calculator\/","title":{"rendered":"Calculadora de hipoteca"},"content":{"rendered":"<section class=\"l-section wpb_row height_medium\"><div class=\"l-section-h i-cf\"><div class=\"g-cols vc_row via_flex valign_top type_default stacking_default\"><div class=\"vc_col-sm-12 wpb_column vc_column_container\"><div class=\"vc_column-inner\"><div class=\"wpb_wrapper\"><div class=\"g-cols wpb_row via_flex valign_top type_default stacking_default\"><div class=\"vc_col-sm-2 wpb_column vc_column_container\"><div class=\"vc_column-inner\"><div class=\"wpb_wrapper\"><\/div><\/div><\/div><div class=\"vc_col-sm-8 wpb_column vc_column_container\"><div class=\"vc_column-inner\"><div class=\"wpb_wrapper\"><div class=\"wpb_text_column\"><div class=\"wpb_wrapper\"><h3>Calculadora de hipoteca<\/h3>\n<p><span style=\"font-weight: 400;\">Los resultados recibidos de esta calculadora est\u00e1n destinados \u00fanicamente a fines de comparaci\u00f3n y no se garantiza la precisi\u00f3n. De la Cerda Team no garantiza la exactitud de ninguna informaci\u00f3n o entrada de los usuarios del software.<\/span><\/p>\n<\/div><\/div><\/div><\/div><\/div><div class=\"vc_col-sm-2 wpb_column vc_column_container\"><div class=\"vc_column-inner\"><div class=\"wpb_wrapper\"><\/div><\/div><\/div><\/div><div class=\"w-separator size_medium\"><\/div><div class=\"g-cols wpb_row via_flex valign_top type_default stacking_default\"><div class=\"vc_col-sm-4 wpb_column vc_column_container\"><div class=\"vc_column-inner\"><div class=\"wpb_wrapper\"><\/div><\/div><\/div><div class=\"vc_col-sm-4 wpb_column vc_column_container\"><div class=\"vc_column-inner\"><div class=\"wpb_wrapper\"><div class=\"wpb_text_column\"><div class=\"wpb_wrapper\"><h3><form action=\"https:\/\/delacerdateam.com\/es\/wp-json\/wp\/v2\/pages\/85#lidd_mc_form\" id=\"lidd_mc_form\" class=\"lidd_mc_form\" method=\"post\" data-trp-original-action=\"https:\/\/delacerdateam.com\/es\/wp-json\/wp\/v2\/pages\/85#lidd_mc_form\"><div class=\"lidd_mc_input lidd_mc_input_light lidd_mc_input_responsive\"><label for=\"lidd_mc_total_amount\">Total Amount ($)<\/label><input type=\"text\" name=\"lidd_mc_total_amount\" id=\"lidd_mc_total_amount\" placeholder=\"$\" \/><span id=\"lidd_mc_total_amount-error\"><\/span><\/div><div class=\"lidd_mc_input lidd_mc_input_light lidd_mc_input_responsive\"><label for=\"lidd_mc_down_payment\">Down Payment ($)<\/label><input type=\"text\" name=\"lidd_mc_down_payment\" id=\"lidd_mc_down_payment\" placeholder=\"$\" \/><span id=\"lidd_mc_down_payment-error\"><\/span><\/div><div class=\"lidd_mc_input lidd_mc_input_light lidd_mc_input_responsive\"><label for=\"lidd_mc_interest_rate\">Interest Rate (%)<\/label><input type=\"text\" name=\"lidd_mc_interest_rate\" id=\"lidd_mc_interest_rate\" placeholder=\"%\" value=\"5.00\" \/><span id=\"lidd_mc_interest_rate-error\"><\/span><\/div><div class=\"lidd_mc_input lidd_mc_input_light lidd_mc_input_responsive\"><label for=\"lidd_mc_amortization_period\">Amortization Period (years)<\/label><input type=\"text\" name=\"lidd_mc_amortization_period\" id=\"lidd_mc_amortization_period\" placeholder=\"years\" value=\"30\" \/><span id=\"lidd_mc_amortization_period-error\"><\/span><\/div><input type=\"hidden\" name=\"lidd_mc_payment_period\" id=\"lidd_mc_payment_period\" value=\"12\" \/><div class=\"lidd_mc_input\"><input type=\"submit\" name=\"lidd_mc_submit\" id=\"lidd_mc_submit\" value=\"Calcular\"\/><\/div><input type=\"hidden\" name=\"trp-form-language\" value=\"es\"\/><\/form><form action=\"https:\/\/www.mlcalc.com\/\" method=\"post\" id=\"lidd_mc_mlc_form\" target=\"MLCalcFrame\" data-trp-original-action=\"https:\/\/www.mlcalc.com\/\"><input type=\"hidden\" name=\"ml\" value=\"mortgage\" \/><input type=\"hidden\" name=\"cl\" value=\"true\" \/><input type=\"hidden\" name=\"wg\" value=\"widget\" \/><input type=\"hidden\" name=\"wt\" value=\"rmc\" \/><input type=\"hidden\" name=\"cr\" value=\"usd\" \/><input type=\"hidden\" name=\"cr\" value=\"\" \/><input type=\"hidden\" name=\"wl\" value=\"en\" \/><input type=\"hidden\" name=\"ma\" value=\"300000.00\" \/><input type=\"hidden\" name=\"dp\" value=\"60000.00\" \/><input type=\"hidden\" name=\"mt\" value=\"30\" \/><input type=\"hidden\" name=\"ir\" value=\"5.00\" \/><input type=\"hidden\" name=\"pt\" value=\"0\" \/><input type=\"hidden\" name=\"pi\" value=\"0\" \/><input type=\"hidden\" name=\"mi\" value=\"0\" \/><input type=\"hidden\" name=\"trp-form-language\" value=\"es\"\/><\/form><div id=\"lidd_mc_details\" class=\"lidd_mc_details\"><div id=\"lidd_mc_results\" class=\"lidd_mc_results\"><\/div><span id=\"lidd_mc_inspector\"><img src=\"https:\/\/delacerdateam.com\/wp-content\/plugins\/responsive-mortgage-calculator\/img\/icon_graph.png\" width=\"12\" alt=\"monthly mortgage payments\" \/><\/span><\/div><\/h3>\n<\/div><\/div><\/div><\/div><\/div><div class=\"vc_col-sm-4 wpb_column vc_column_container\"><div class=\"vc_column-inner\"><div class=\"wpb_wrapper\"><\/div><\/div><\/div><\/div><\/div><\/div><\/div><\/div><\/div><\/section><section class=\"l-section wpb_row us_custom_ec15bdad has_text_color height_medium\"><div class=\"l-section-h i-cf\"><div class=\"g-cols vc_row via_flex valign_top type_default stacking_default\"><div class=\"vc_col-sm-12 wpb_column vc_column_container\"><div class=\"vc_column-inner\"><div class=\"wpb_wrapper\"><div class=\"g-cols wpb_row via_flex valign_top type_default stacking_default\"><div class=\"vc_col-sm-12 wpb_column vc_column_container\"><div class=\"vc_column-inner\"><div class=\"wpb_wrapper\"><div class=\"wpb_text_column\"><div class=\"wpb_wrapper\"><p><strong>Descargo de responsabilidad.<\/strong><\/p>\n<p><span style=\"font-weight: 400;\">Esta calculadora no tiene la capacidad de precalificarlo para ning\u00fan programa de pr\u00e9stamos que deba verificarse de forma independiente con uno de nuestros asesores de pr\u00e9stamos. La calificaci\u00f3n para los programas de pr\u00e9stamos puede requerir informaci\u00f3n adicional, como puntajes de cr\u00e9dito y reservas de efectivo, que no se recopilan en esta calculadora. La informaci\u00f3n como las tasas de inter\u00e9s y los precios est\u00e1n sujetas a cambios en cualquier momento sin previo aviso. Las tarifas adicionales, como las tarifas de HOA, no se incluyen en los c\u00e1lculos. Toda la informaci\u00f3n, como las tasas de inter\u00e9s, los impuestos, los seguros, los pagos del PMI, etc., son estimaciones y deben usarse solo para comparar. De la Cerda Team no garantiza ninguna de la informaci\u00f3n obtenida por esta calculadora.<\/span><\/p>\n<\/div><\/div><\/div><\/div><\/div><\/div><\/div><\/div><\/div><\/div><\/div><\/section>","protected":false},"excerpt":{"rendered":"Mortgage Calculator Results received from this calculator are intended for comparison purposes only and accuracy is not guaranteed. De la Cerda Team does not guarantee the accuracy of any information or input from users of the software. Total Amount ($)Down Payment ($)Interest Rate (%)Amortization Period (years) Disclaimer. This calculator does not have the ability to...","protected":false},"author":1,"featured_media":0,"parent":0,"menu_order":0,"comment_status":"closed","ping_status":"closed","template":"","meta":{"footnotes":""},"yoast_head":"<!-- This site is optimized with the Yoast SEO plugin v22.7 - https:\/\/yoast.com\/wordpress\/plugins\/seo\/ -->\n<title>Mortgage Calculator - Home Loans and Refinance Mortgages | De la Cerda Team | Illinois, US<\/title>\n<meta name=\"description\" content=\"Results received from this calculator are intended for comparison purposes only and accuracy is not guaranteed.\" \/>\n<meta name=\"robots\" content=\"index, follow, max-snippet:-1, max-image-preview:large, max-video-preview:-1\" \/>\n<link rel=\"canonical\" href=\"https:\/\/delacerdateam.com\/es\/mortgage-calculator\/\" \/>\n<meta property=\"og:locale\" content=\"es_MX\" \/>\n<meta property=\"og:type\" content=\"article\" \/>\n<meta property=\"og:title\" content=\"Mortgage Calculator - Home Loans and Refinance Mortgages | De la Cerda Team | Illinois, US\" \/>\n<meta property=\"og:description\" content=\"Results received from this calculator are intended for comparison purposes only and accuracy is not guaranteed.\" \/>\n<meta property=\"og:url\" content=\"https:\/\/delacerdateam.com\/es\/mortgage-calculator\/\" \/>\n<meta property=\"og:site_name\" content=\"Home Loans and Refinance Mortgages | De la Cerda Team | Illinois, US\" \/>\n<meta property=\"article:publisher\" content=\"https:\/\/www.facebook.com\/compracondlcteam\" \/>\n<meta property=\"article:modified_time\" content=\"2022-07-05T18:37:27+00:00\" \/>\n<meta name=\"twitter:card\" content=\"summary_large_image\" \/>\n<meta name=\"twitter:label1\" content=\"Tiempo de lectura\" \/>\n\t<meta name=\"twitter:data1\" content=\"1 minuto\" \/>\n<script type=\"application\/ld+json\" class=\"yoast-schema-graph\">{\"@context\":\"https:\/\/schema.org\",\"@graph\":[{\"@type\":\"WebPage\",\"@id\":\"https:\/\/delacerdateam.com\/mortgage-calculator\/\",\"url\":\"https:\/\/delacerdateam.com\/mortgage-calculator\/\",\"name\":\"Mortgage Calculator - Home Loans and Refinance Mortgages | De la Cerda Team | Illinois, US\",\"isPartOf\":{\"@id\":\"https:\/\/delacerdateam.com\/#website\"},\"datePublished\":\"2022-06-20T18:30:51+00:00\",\"dateModified\":\"2022-07-05T18:37:27+00:00\",\"description\":\"Results received from this calculator are intended for comparison purposes only and accuracy is not guaranteed.\",\"breadcrumb\":{\"@id\":\"https:\/\/delacerdateam.com\/mortgage-calculator\/#breadcrumb\"},\"inLanguage\":\"es-MX\",\"potentialAction\":[{\"@type\":\"ReadAction\",\"target\":[\"https:\/\/delacerdateam.com\/mortgage-calculator\/\"]}]},{\"@type\":\"BreadcrumbList\",\"@id\":\"https:\/\/delacerdateam.com\/mortgage-calculator\/#breadcrumb\",\"itemListElement\":[{\"@type\":\"ListItem\",\"position\":1,\"name\":\"Portada\",\"item\":\"https:\/\/delacerdateam.com\/\"},{\"@type\":\"ListItem\",\"position\":2,\"name\":\"Mortgage Calculator\"}]},{\"@type\":\"WebSite\",\"@id\":\"https:\/\/delacerdateam.com\/#website\",\"url\":\"https:\/\/delacerdateam.com\/\",\"name\":\"Home Loans and Refinance Mortgages | De la Cerda Team | Illinois, US\",\"description\":\"Buy your house. New home Loan or Refinance existing mortgage. We offer many lending options with great rates and exeptional service.\",\"potentialAction\":[{\"@type\":\"SearchAction\",\"target\":{\"@type\":\"EntryPoint\",\"urlTemplate\":\"https:\/\/delacerdateam.com\/?s={search_term_string}\"},\"query-input\":\"required name=search_term_string\"}],\"inLanguage\":\"es-MX\"}]}<\/script>\n<!-- \/ Yoast SEO plugin. -->","yoast_head_json":{"title":"Mortgage Calculator - Home Loans and Refinance Mortgages | De la Cerda Team | Illinois, US","description":"Results received from this calculator are intended for comparison purposes only and accuracy is not guaranteed.","robots":{"index":"index","follow":"follow","max-snippet":"max-snippet:-1","max-image-preview":"max-image-preview:large","max-video-preview":"max-video-preview:-1"},"canonical":"https:\/\/delacerdateam.com\/es\/mortgage-calculator\/","og_locale":"es_MX","og_type":"article","og_title":"Mortgage Calculator - Home Loans and Refinance Mortgages | De la Cerda Team | Illinois, US","og_description":"Results received from this calculator are intended for comparison purposes only and accuracy is not guaranteed.","og_url":"https:\/\/delacerdateam.com\/es\/mortgage-calculator\/","og_site_name":"Home Loans and Refinance Mortgages | De la Cerda Team | Illinois, US","article_publisher":"https:\/\/www.facebook.com\/compracondlcteam","article_modified_time":"2022-07-05T18:37:27+00:00","twitter_card":"summary_large_image","twitter_misc":{"Tiempo de lectura":"1 minuto"},"schema":{"@context":"https:\/\/schema.org","@graph":[{"@type":"WebPage","@id":"https:\/\/delacerdateam.com\/mortgage-calculator\/","url":"https:\/\/delacerdateam.com\/mortgage-calculator\/","name":"Mortgage Calculator - Home Loans and Refinance Mortgages | De la Cerda Team | Illinois, US","isPartOf":{"@id":"https:\/\/delacerdateam.com\/#website"},"datePublished":"2022-06-20T18:30:51+00:00","dateModified":"2022-07-05T18:37:27+00:00","description":"Results received from this calculator are intended for comparison purposes only and accuracy is not guaranteed.","breadcrumb":{"@id":"https:\/\/delacerdateam.com\/mortgage-calculator\/#breadcrumb"},"inLanguage":"es-MX","potentialAction":[{"@type":"ReadAction","target":["https:\/\/delacerdateam.com\/mortgage-calculator\/"]}]},{"@type":"BreadcrumbList","@id":"https:\/\/delacerdateam.com\/mortgage-calculator\/#breadcrumb","itemListElement":[{"@type":"ListItem","position":1,"name":"Portada","item":"https:\/\/delacerdateam.com\/"},{"@type":"ListItem","position":2,"name":"Mortgage Calculator"}]},{"@type":"WebSite","@id":"https:\/\/delacerdateam.com\/#website","url":"https:\/\/delacerdateam.com\/","name":"Home Loans and Refinance Mortgages | De la Cerda Team | Illinois, US","description":"Buy your house. New home Loan or Refinance existing mortgage. We offer many lending options with great rates and exeptional service.","potentialAction":[{"@type":"SearchAction","target":{"@type":"EntryPoint","urlTemplate":"https:\/\/delacerdateam.com\/?s={search_term_string}"},"query-input":"required name=search_term_string"}],"inLanguage":"es-MX"}]}},"_links":{"self":[{"href":"https:\/\/delacerdateam.com\/es\/wp-json\/wp\/v2\/pages\/85"}],"collection":[{"href":"https:\/\/delacerdateam.com\/es\/wp-json\/wp\/v2\/pages"}],"about":[{"href":"https:\/\/delacerdateam.com\/es\/wp-json\/wp\/v2\/types\/page"}],"author":[{"embeddable":true,"href":"https:\/\/delacerdateam.com\/es\/wp-json\/wp\/v2\/users\/1"}],"replies":[{"embeddable":true,"href":"https:\/\/delacerdateam.com\/es\/wp-json\/wp\/v2\/comments?post=85"}],"version-history":[{"count":14,"href":"https:\/\/delacerdateam.com\/es\/wp-json\/wp\/v2\/pages\/85\/revisions"}],"predecessor-version":[{"id":167,"href":"https:\/\/delacerdateam.com\/es\/wp-json\/wp\/v2\/pages\/85\/revisions\/167"}],"wp:attachment":[{"href":"https:\/\/delacerdateam.com\/es\/wp-json\/wp\/v2\/media?parent=85"}],"curies":[{"name":"wp","href":"https:\/\/api.w.org\/{rel}","templated":true}]}}